{"id":293,"date":"2022-03-30T15:22:45","date_gmt":"2022-03-30T18:22:45","guid":{"rendered":"https:\/\/www.conteacos.com.br\/site\/?page_id=293"},"modified":"2024-01-18T09:58:44","modified_gmt":"2024-01-18T12:58:44","slug":"acos-inoxidaveis-martesiticos","status":"publish","type":"page","link":"https:\/\/www.conteacos.com.br\/site\/acos-inoxidaveis-martesiticos\/","title":{"rendered":"A\u00c7OS INOXID\u00c1VEIS MARTES\u00cdTICOS"},"content":{"rendered":"","protected":false},"excerpt":{"rendered":"","protected":false},"author":1,"featured_media":0,"parent":0,"menu_order":0,"comment_status":"closed","ping_status":"closed","template":"","meta":{"footnotes":""},"class_list":["post-293","page","type-page","status-publish","hentry"],"_links":{"self":[{"href":"https:\/\/www.conteacos.com.br\/site\/wp-json\/wp\/v2\/pages\/293","targetHints":{"allow":["GET"]}}],"collection":[{"href":"https:\/\/www.conteacos.com.br\/site\/wp-json\/wp\/v2\/pages"}],"about":[{"href":"https:\/\/www.conteacos.com.br\/site\/wp-json\/wp\/v2\/types\/page"}],"author":[{"embeddable":true,"href":"https:\/\/www.conteacos.com.br\/site\/wp-json\/wp\/v2\/users\/1"}],"replies":[{"embeddable":true,"href":"https:\/\/www.conteacos.com.br\/site\/wp-json\/wp\/v2\/comments?post=293"}],"version-history":[{"count":1,"href":"https:\/\/www.conteacos.com.br\/site\/wp-json\/wp\/v2\/pages\/293\/revisions"}],"predecessor-version":[{"id":294,"href":"https:\/\/www.conteacos.com.br\/site\/wp-json\/wp\/v2\/pages\/293\/revisions\/294"}],"wp:attachment":[{"href":"https:\/\/www.conteacos.com.br\/site\/wp-json\/wp\/v2\/media?parent=293"}],"curies":[{"name":"wp","href":"https:\/\/api.w.org\/{rel}","templated":true}]}}